{"id":264,"date":"2016-06-15T11:30:38","date_gmt":"2016-06-15T11:30:38","guid":{"rendered":"http:\/\/peroneo.pt\/cms\/?page_id=264"},"modified":"2018-10-25T08:56:38","modified_gmt":"2018-10-25T08:56:38","slug":"contactos","status":"publish","type":"page","link":"https:\/\/peroneo.pt\/cms\/contactos\/","title":{"rendered":"CONTACTOS"},"content":{"rendered":"<p>[et_pb_section fb_built=&#8221;1&#8243; custom_padding_last_edited=&#8221;on|desktop&#8221; admin_label=&#8221;section&#8221; _builder_version=&#8221;3.0.74&#8243; background_color=&#8221;#ffffff&#8221; custom_padding=&#8221;0px||0px|&#8221; custom_padding_tablet=&#8221;50px|0|50px|0&#8243; transparent_background=&#8221;off&#8221; padding_mobile=&#8221;off&#8221;][et_pb_row make_fullwidth=&#8221;on&#8221; padding_mobile=&#8221;off&#8221; column_padding_mobile=&#8221;on&#8221; parallax_method_1=&#8221;off&#8221; admin_label=&#8221;row&#8221; _builder_version=&#8221;3.0.47&#8243; background_size=&#8221;initial&#8221; background_position=&#8221;top_left&#8221; background_repeat=&#8221;repeat&#8221;][et_pb_column type=&#8221;4_4&#8243; _builder_version=&#8221;3.0.47&#8243; column_padding_mobile=&#8221;on&#8221; parallax=&#8221;off&#8221; parallax_method=&#8221;off&#8221;][et_pb_image src=&#8221;http:\/\/peroneo.pt\/cms\/wp-content\/uploads\/2016\/06\/contactos.jpg&#8221; force_fullwidth=&#8221;on&#8221; _builder_version=&#8221;3.0.74&#8243; custom_margin=&#8221;0px||0px|&#8221; animation_style=&#8221;slide&#8221; animation_direction=&#8221;left&#8221; animation_duration=&#8221;500ms&#8221; animation_intensity_slide=&#8221;10%&#8221; animation=&#8221;left&#8221; sticky=&#8221;off&#8221;][\/et_pb_image][\/et_pb_column][\/et_pb_row][\/et_pb_section][et_pb_section fb_built=&#8221;1&#8243; custom_padding_last_edited=&#8221;on|desktop&#8221; admin_label=&#8221;section&#8221; _builder_version=&#8221;3.0.74&#8243; background_color=&#8221;#ffffff&#8221; custom_padding=&#8221;20px||0px|&#8221; custom_padding_tablet=&#8221;50px|0|50px|0&#8243; transparent_background=&#8221;off&#8221; padding_mobile=&#8221;off&#8221;][et_pb_row admin_label=&#8221;row&#8221; _builder_version=&#8221;3.0.47&#8243; background_size=&#8221;initial&#8221; background_position=&#8221;top_left&#8221; background_repeat=&#8221;repeat&#8221;][et_pb_column type=&#8221;4_4&#8243; _builder_version=&#8221;3.0.47&#8243; parallax=&#8221;off&#8221; parallax_method=&#8221;on&#8221;][et_pb_text _builder_version=&#8221;3.0.87&#8243; text_font=&#8221;|on|||&#8221; text_font_size=&#8221;22&#8243; text_letter_spacing=&#8221;1px&#8221; background_size=&#8221;initial&#8221; background_position=&#8221;top_left&#8221; background_repeat=&#8221;repeat&#8221; border_width_all=&#8221;0px&#8221; border_color_all=&#8221;#0c9dc9&#8243; border_style_all=&#8221;dashed&#8221; use_border_color=&#8221;on&#8221; border_color=&#8221;#0c9dc9&#8243; border_style=&#8221;dashed&#8221;]CONTACTOS <span style=\"font-size: 13px !important; color: #3598db; font-wheight: 100;\">onde estamos<\/span><br \/>\n[\/et_pb_text][\/et_pb_column][\/et_pb_row][\/et_pb_section][et_pb_section fb_built=&#8221;1&#8243; custom_padding_last_edited=&#8221;on|desktop&#8221; admin_label=&#8221;section&#8221; _builder_version=&#8221;3.0.74&#8243; background_color=&#8221;#ffffff&#8221; custom_padding=&#8221;0px|0px|0px|0px&#8221; custom_padding_tablet=&#8221;50px|0|50px|0&#8243; transparent_background=&#8221;off&#8221; padding_mobile=&#8221;off&#8221;][et_pb_row custom_padding=&#8221;0px|0px|0px|0px&#8221; padding_mobile=&#8221;off&#8221; column_padding_mobile=&#8221;on&#8221; parallax_method_1=&#8221;off&#8221; admin_label=&#8221;row&#8221; _builder_version=&#8221;3.0.47&#8243; background_size=&#8221;initial&#8221; background_position=&#8221;top_left&#8221; background_repeat=&#8221;repeat&#8221;][et_pb_column type=&#8221;4_4&#8243; _builder_version=&#8221;3.0.47&#8243; column_padding_mobile=&#8221;on&#8221; parallax=&#8221;off&#8221; parallax_method=&#8221;off&#8221;][et_pb_map address=&#8221;R. Detr\u00e1s da Quinta 11, 3130-080, Portugal&#8221; zoom_level=&#8221;9&#8243; address_lat=&#8221;40.29011092138363&#8243; address_lng=&#8221;-8.539761567004465&#8243; mouse_wheel=&#8221;off&#8221; _builder_version=&#8221;3.0.91&#8243; custom_css_main_element=&#8221;margin-top:30px !important;&#8221;][et_pb_map_pin title=&#8221;Granja do Ulmeiro&#8221; pin_address=&#8221;R. Detr\u00e1s da Quinta 11, 3130-080, Portugal&#8221; pin_address_lat=&#8221;40.16267759999999&#8243; pin_address_lng=&#8221;-8.635505700000067&#8243; _builder_version=&#8221;3.0.47&#8243;][\/et_pb_map_pin][et_pb_map_pin title=&#8221;Amieiro&#8221; pin_address=&#8221;3140-021, Portugal&#8221; pin_address_lat=&#8221;40.246090338448&#8243; pin_address_lng=&#8221;-8.666873405896&#8243; _builder_version=&#8221;3.0.77&#8243;][\/et_pb_map_pin][et_pb_map_pin title=&#8221;Vilarinho do Bairro&#8221; pin_address=&#8221;R. Vila 46, 3780, Portugal&#8221; pin_address_lat=&#8221;40.420867199735525&#8243; pin_address_lng=&#8221;-8.52151878054201&#8243; _builder_version=&#8221;3.0.47&#8243;][\/et_pb_map_pin][et_pb_map_pin title=&#8221;Tocha&#8221; pin_address=&#8221;3060-715 Tocha, Portugal&#8221; pin_address_lat=&#8221;40.3157562&#8243; pin_address_lng=&#8221;-8.754543300000023&#8243; _builder_version=&#8221;3.0.47&#8243;][\/et_pb_map_pin][et_pb_map_pin title=&#8221;Ereira&#8221; pin_address=&#8221;R. 31 de Dezembro 11, 3140-672, Portugal&#8221; pin_address_lat=&#8221;40.1535631&#8243; pin_address_lng=&#8221;-8.710539199999971&#8243; _builder_version=&#8221;3.0.47&#8243;][\/et_pb_map_pin][\/et_pb_map][\/et_pb_column][\/et_pb_row][\/et_pb_section][et_pb_section fb_built=&#8221;1&#8243; _builder_version=&#8221;3.0.47&#8243;][et_pb_row padding_mobile=&#8221;off&#8221; make_equal=&#8221;on&#8221; column_padding_mobile=&#8221;on&#8221; parallax_method_1=&#8221;off&#8221; parallax_method_2=&#8221;off&#8221; parallax_method_3=&#8221;off&#8221; parallax_method_4=&#8221;off&#8221; _builder_version=&#8221;3.0.47&#8243; background_size=&#8221;initial&#8221; background_position=&#8221;top_left&#8221; background_repeat=&#8221;repeat&#8221;][et_pb_column type=&#8221;1_2&#8243; _builder_version=&#8221;3.0.47&#8243; column_padding_mobile=&#8221;on&#8221; parallax=&#8221;off&#8221; parallax_method=&#8221;off&#8221;][et_pb_text _builder_version=&#8221;3.0.74&#8243; text_font_size=&#8221;13&#8243; text_line_height=&#8221;1.4em&#8221; background_color=&#8221;rgba(255,255,255,0)&#8221; background_size=&#8221;initial&#8221; background_position=&#8221;top_left&#8221; background_repeat=&#8221;repeat&#8221;]<\/p>\n<h5><\/h5>\n<h5>AMIEIRO<\/h5>\n<p><span style=\"color: #0191cd;\">Concelho de Montemor-o-Velho | Distrito de Coimbra<\/span><br \/>Rua Principal do Amieiro\u00a0 n\u00ba 453, Amieiro \u2022\u00a03140-021 Arazede<br \/> Tel: 239 607 393 |\u00a0Fax: 239 607 470 |\u00a0Tlm: 968 816 150<br \/> <a href=\"mailto:geral@peroneo.pt\">geral@peroneo.pt<\/a><\/p>\n<h5>Tocha<\/h5>\n<p><span style=\"color: #0191cd;\">Departamento Funcional<\/span><br \/> Rua Dr. Manuel Santos Silva n\u00ba 20 | 3060-715 Tocha<br \/> Tel: 231 443 394 |\u00a0Fax: 239 607 470 |\u00a0Tlm: 925 097 418<br \/> <a href=\"mailto:tocha@peroneo.pt\">tocha@peroneo.pt<\/a><\/p>\n<h5>Vilarinho do Bairro<\/h5>\n<p><span style=\"color: #0191cd;\">Departamento Funcional<\/span><br \/> Largo S\u00e3o Miguel n\u00ba 3 | Vilarinho do Bairro | 3780-599 Anadia<br \/> Tel: 231 950 847 |\u00a0Fax: 231 950 539 |\u00a0Tlm: 961 444 679<br \/> <a href=\"mailto:vilarinho@peroneo.pt\">vilarinho@peroneo.pt<\/a><\/p>\n<h5>Granja do Ulmeiro<\/h5>\n<p><span style=\"color: #0191cd;\">Departamento Funcional<\/span><br \/> Rua De Tr\u00e1s da Quinta n\u00ba 11B | 3130-080 Granja do Ulmeiro<br \/> Tel: 239 644 160 |\u00a0Fax: 239 607 470 |\u00a0Tlm: 961 348 085<br \/> <a href=\"mailto:vilarinho@peroneo.pt\">vilarinho@peroneo.pt<\/a><\/p>\n<h5>Ereira<\/h5>\n<p><span style=\"color: #0191cd;\">Concelho de Montemor-o-Velho | Distrito de Coimbra<\/span><br \/> Edif\u00edcio da Associa\u00e7\u00e3o Cultural e Desportiva e Social Ereira<br \/> Rua 31 de Dezembro, 11, 3140-674 Ereira<br \/> Tel: 239 607 393 (Sede) |\u00a0Tlm: 968 816 150 (Sede)<br \/> <a href=\"mailto:ereira@peroneo.pt\">ereira@peroneo.pt<\/a><\/p>\n<h5>labrengos<\/h5>\n<p><span>Unidade de Sa\u00fade e Bem estar &#8211;\u00a0Vivenda S\u00e3o Francisco<\/span><br \/>Rua Joaquim Pereira J\u00fanior<br \/> Tel: 231 950 847 |\u00a0Tlm: 966233507<br \/> <a href=\"mailto:ereira@peroneo.pt\">labrengos@peroneo.pt<\/a><\/p>\n<p>&nbsp;<\/p>\n<p><strong><a href=\"mailto:ereira@peroneo.pt\">Hor\u00e1rio Alargado<\/a><\/strong><a href=\"mailto:ereira@peroneo.pt\"><\/a><\/p>\n<p>Segunda a sexta-feira das 08:00h \u00e0s 21:00h<br \/>S\u00e1bados das 08:00h \u00e0s 19:00h<br \/>Feriados das 09:00h \u00e0s 17:00h<\/p>\n<p>[\/et_pb_text][\/et_pb_column][et_pb_column type=&#8221;1_2&#8243; _builder_version=&#8221;3.0.47&#8243; column_padding_mobile=&#8221;on&#8221; parallax=&#8221;off&#8221; parallax_method=&#8221;off&#8221;][et_pb_image src=&#8221;http:\/\/peroneo.pt\/cms\/wp-content\/uploads\/2016\/06\/mapaperoneo.jpg&#8221; _builder_version=&#8221;3.0.74&#8243; custom_margin=&#8221;10px|||&#8221; animation_style=&#8221;slide&#8221; animation_direction=&#8221;left&#8221; animation_duration=&#8221;500ms&#8221; animation_intensity_slide=&#8221;10%&#8221; animation=&#8221;left&#8221; sticky=&#8221;off&#8221;][\/et_pb_image][\/et_pb_column][\/et_pb_row][et_pb_row custom_padding=&#8221;66px||||false|false&#8221; column_padding_mobile=&#8221;on&#8221; parallax_method_1=&#8221;off&#8221; _builder_version=&#8221;3.0.47&#8243; background_size=&#8221;initial&#8221; background_position=&#8221;top_left&#8221; background_repeat=&#8221;repeat&#8221;][et_pb_column type=&#8221;4_4&#8243; _builder_version=&#8221;3.0.47&#8243; column_padding_mobile=&#8221;on&#8221; parallax=&#8221;off&#8221; parallax_method=&#8221;off&#8221;][et_pb_contact_form captcha=&#8221;off&#8221; email=&#8221;geral@peroneo.pt&#8221; title=&#8221;ENTRE EM CONTACTO CONNOSCO&#8230;&#8221; submit_button_text=&#8221;ENVIAR&#8221; module_id=&#8221;et_pb_contact_form_0&#8243; _builder_version=&#8221;3.0.87&#8243; custom_css_contact_title=&#8221;text-align: center;&#8221;][et_pb_contact_field field_id=&#8221;Nome&#8221; field_title=&#8221;Nome&#8221; _builder_version=&#8221;3.16&#8243; form_field_font=&#8221;||||&#8221; border_radii=&#8221;on||||&#8221; use_border_color=&#8221;off&#8221; button_text_size__hover_enabled=&#8221;off&#8221; button_one_text_size__hover_enabled=&#8221;off&#8221; button_two_text_size__hover_enabled=&#8221;off&#8221; button_text_color__hover_enabled=&#8221;off&#8221; button_one_text_color__hover_enabled=&#8221;off&#8221; button_two_text_color__hover_enabled=&#8221;off&#8221; button_border_width__hover_enabled=&#8221;off&#8221; button_one_border_width__hover_enabled=&#8221;off&#8221; button_two_border_width__hover_enabled=&#8221;off&#8221; button_border_color__hover_enabled=&#8221;off&#8221; button_one_border_color__hover_enabled=&#8221;off&#8221; button_two_border_color__hover_enabled=&#8221;off&#8221; button_border_radius__hover_enabled=&#8221;off&#8221; button_one_border_radius__hover_enabled=&#8221;off&#8221; button_two_border_radius__hover_enabled=&#8221;off&#8221; button_letter_spacing__hover_enabled=&#8221;off&#8221; button_one_letter_spacing__hover_enabled=&#8221;off&#8221; button_two_letter_spacing__hover_enabled=&#8221;off&#8221; button_bg_color__hover_enabled=&#8221;off&#8221; button_one_bg_color__hover_enabled=&#8221;off&#8221; button_two_bg_color__hover_enabled=&#8221;off&#8221;][\/et_pb_contact_field][et_pb_contact_field field_id=&#8221;Contacto&#8221; field_title=&#8221;Contacto&#8221; _builder_version=&#8221;3.16&#8243; form_field_font=&#8221;||||&#8221; border_radii=&#8221;on||||&#8221; use_border_color=&#8221;off&#8221; button_text_size__hover_enabled=&#8221;off&#8221; button_one_text_size__hover_enabled=&#8221;off&#8221; button_two_text_size__hover_enabled=&#8221;off&#8221; button_text_color__hover_enabled=&#8221;off&#8221; button_one_text_color__hover_enabled=&#8221;off&#8221; button_two_text_color__hover_enabled=&#8221;off&#8221; button_border_width__hover_enabled=&#8221;off&#8221; button_one_border_width__hover_enabled=&#8221;off&#8221; button_two_border_width__hover_enabled=&#8221;off&#8221; button_border_color__hover_enabled=&#8221;off&#8221; button_one_border_color__hover_enabled=&#8221;off&#8221; button_two_border_color__hover_enabled=&#8221;off&#8221; button_border_radius__hover_enabled=&#8221;off&#8221; button_one_border_radius__hover_enabled=&#8221;off&#8221; button_two_border_radius__hover_enabled=&#8221;off&#8221; button_letter_spacing__hover_enabled=&#8221;off&#8221; button_one_letter_spacing__hover_enabled=&#8221;off&#8221; button_two_letter_spacing__hover_enabled=&#8221;off&#8221; button_bg_color__hover_enabled=&#8221;off&#8221; button_one_bg_color__hover_enabled=&#8221;off&#8221; button_two_bg_color__hover_enabled=&#8221;off&#8221;][\/et_pb_contact_field][et_pb_contact_field field_id=&#8221;Email&#8221; field_title=&#8221;Email &#8221; field_type=&#8221;email&#8221; fullwidth_field=&#8221;on&#8221; _builder_version=&#8221;3.16&#8243; form_field_font=&#8221;||||&#8221; border_radii=&#8221;on||||&#8221; use_border_color=&#8221;off&#8221; button_text_size__hover_enabled=&#8221;off&#8221; button_one_text_size__hover_enabled=&#8221;off&#8221; button_two_text_size__hover_enabled=&#8221;off&#8221; button_text_color__hover_enabled=&#8221;off&#8221; button_one_text_color__hover_enabled=&#8221;off&#8221; button_two_text_color__hover_enabled=&#8221;off&#8221; button_border_width__hover_enabled=&#8221;off&#8221; button_one_border_width__hover_enabled=&#8221;off&#8221; button_two_border_width__hover_enabled=&#8221;off&#8221; button_border_color__hover_enabled=&#8221;off&#8221; button_one_border_color__hover_enabled=&#8221;off&#8221; button_two_border_color__hover_enabled=&#8221;off&#8221; button_border_radius__hover_enabled=&#8221;off&#8221; button_one_border_radius__hover_enabled=&#8221;off&#8221; button_two_border_radius__hover_enabled=&#8221;off&#8221; button_letter_spacing__hover_enabled=&#8221;off&#8221; button_one_letter_spacing__hover_enabled=&#8221;off&#8221; button_two_letter_spacing__hover_enabled=&#8221;off&#8221; button_bg_color__hover_enabled=&#8221;off&#8221; button_one_bg_color__hover_enabled=&#8221;off&#8221; button_two_bg_color__hover_enabled=&#8221;off&#8221;][\/et_pb_contact_field][et_pb_contact_field field_id=&#8221;Mensagem&#8221; field_title=&#8221;Mensagem&#8221; field_type=&#8221;text&#8221; fullwidth_field=&#8221;on&#8221; _builder_version=&#8221;3.16&#8243; form_field_font=&#8221;||||&#8221; border_radii=&#8221;on||||&#8221; use_border_color=&#8221;off&#8221; button_text_size__hover_enabled=&#8221;off&#8221; button_one_text_size__hover_enabled=&#8221;off&#8221; button_two_text_size__hover_enabled=&#8221;off&#8221; button_text_color__hover_enabled=&#8221;off&#8221; button_one_text_color__hover_enabled=&#8221;off&#8221; button_two_text_color__hover_enabled=&#8221;off&#8221; button_border_width__hover_enabled=&#8221;off&#8221; button_one_border_width__hover_enabled=&#8221;off&#8221; button_two_border_width__hover_enabled=&#8221;off&#8221; button_border_color__hover_enabled=&#8221;off&#8221; button_one_border_color__hover_enabled=&#8221;off&#8221; button_two_border_color__hover_enabled=&#8221;off&#8221; button_border_radius__hover_enabled=&#8221;off&#8221; button_one_border_radius__hover_enabled=&#8221;off&#8221; button_two_border_radius__hover_enabled=&#8221;off&#8221; button_letter_spacing__hover_enabled=&#8221;off&#8221; button_one_letter_spacing__hover_enabled=&#8221;off&#8221; button_two_letter_spacing__hover_enabled=&#8221;off&#8221; button_bg_color__hover_enabled=&#8221;off&#8221; button_one_bg_color__hover_enabled=&#8221;off&#8221; button_two_bg_color__hover_enabled=&#8221;off&#8221;][\/et_pb_contact_field][\/et_pb_contact_form][\/et_pb_column][\/et_pb_row][\/et_pb_section]<\/p>\n","protected":false},"excerpt":{"rendered":"<p>[et_pb_section fb_built=&#8221;1&#8243; custom_padding_last_edited=&#8221;on|desktop&#8221; admin_label=&#8221;section&#8221; _builder_version=&#8221;3.0.74&#8243; background_color=&#8221;#ffffff&#8221; custom_padding=&#8221;0px||0px|&#8221; custom_padding_tablet=&#8221;50px|0|50px|0&#8243; transparent_background=&#8221;off&#8221; padding_mobile=&#8221;off&#8221;][et_pb_row make_fullwidth=&#8221;on&#8221; padding_mobile=&#8221;off&#8221; column_padding_mobile=&#8221;on&#8221; parallax_method_1=&#8221;off&#8221; admin_label=&#8221;row&#8221; _builder_version=&#8221;3.0.47&#8243; background_size=&#8221;initial&#8221; background_position=&#8221;top_left&#8221; background_repeat=&#8221;repeat&#8221;][et_pb_column type=&#8221;4_4&#8243; _builder_version=&#8221;3.0.47&#8243; column_padding_mobile=&#8221;on&#8221; parallax=&#8221;off&#8221; parallax_method=&#8221;off&#8221;][et_pb_image src=&#8221;http:\/\/peroneo.pt\/cms\/wp-content\/uploads\/2016\/06\/contactos.jpg&#8221; force_fullwidth=&#8221;on&#8221; _builder_version=&#8221;3.0.74&#8243; custom_margin=&#8221;0px||0px|&#8221; animation_style=&#8221;slide&#8221; animation_direction=&#8221;left&#8221; animation_duration=&#8221;500ms&#8221; animation_intensity_slide=&#8221;10%&#8221; animation=&#8221;left&#8221; sticky=&#8221;off&#8221;][\/et_pb_image][\/et_pb_column][\/et_pb_row][\/et_pb_section][et_pb_section fb_built=&#8221;1&#8243; custom_padding_last_edited=&#8221;on|desktop&#8221; admin_label=&#8221;section&#8221; _builder_version=&#8221;3.0.74&#8243; background_color=&#8221;#ffffff&#8221; custom_padding=&#8221;20px||0px|&#8221; custom_padding_tablet=&#8221;50px|0|50px|0&#8243; transparent_background=&#8221;off&#8221; padding_mobile=&#8221;off&#8221;][et_pb_row admin_label=&#8221;row&#8221; _builder_version=&#8221;3.0.47&#8243; background_size=&#8221;initial&#8221; background_position=&#8221;top_left&#8221; background_repeat=&#8221;repeat&#8221;][et_pb_column type=&#8221;4_4&#8243; _builder_version=&#8221;3.0.47&#8243; parallax=&#8221;off&#8221; parallax_method=&#8221;on&#8221;][et_pb_text _builder_version=&#8221;3.0.87&#8243; text_font=&#8221;|on|||&#8221; text_font_size=&#8221;22&#8243; [&hellip;]<\/p>\n","protected":false},"author":1,"featured_media":0,"parent":0,"menu_order":0,"comment_status":"closed","ping_status":"closed","template":"","meta":[],"_links":{"self":[{"href":"https:\/\/peroneo.pt\/cms\/wp-json\/wp\/v2\/pages\/264"}],"collection":[{"href":"https:\/\/peroneo.pt\/cms\/wp-json\/wp\/v2\/pages"}],"about":[{"href":"https:\/\/peroneo.pt\/cms\/wp-json\/wp\/v2\/types\/page"}],"author":[{"embeddable":true,"href":"https:\/\/peroneo.pt\/cms\/wp-json\/wp\/v2\/users\/1"}],"replies":[{"embeddable":true,"href":"https:\/\/peroneo.pt\/cms\/wp-json\/wp\/v2\/comments?post=264"}],"version-history":[{"count":104,"href":"https:\/\/peroneo.pt\/cms\/wp-json\/wp\/v2\/pages\/264\/revisions"}],"predecessor-version":[{"id":1612,"href":"https:\/\/peroneo.pt\/cms\/wp-json\/wp\/v2\/pages\/264\/revisions\/1612"}],"wp:attachment":[{"href":"https:\/\/peroneo.pt\/cms\/wp-json\/wp\/v2\/media?parent=264"}],"curies":[{"name":"wp","href":"https:\/\/api.w.org\/{rel}","templated":true}]}}