{"id":205,"date":"2016-06-15T11:02:33","date_gmt":"2016-06-15T11:02:33","guid":{"rendered":"http:\/\/peroneo.pt\/cms\/?page_id=205"},"modified":"2020-08-03T15:57:51","modified_gmt":"2020-08-03T15:57:51","slug":"psicologia","status":"publish","type":"page","link":"https:\/\/peroneo.pt\/cms\/psicologia\/","title":{"rendered":"Psicologia"},"content":{"rendered":"<p>[et_pb_section fb_built=&#8221;1&#8243; custom_padding_last_edited=&#8221;on|desktop&#8221; admin_label=&#8221;section&#8221; _builder_version=&#8221;3.0.74&#8243; background_color=&#8221;#ffffff&#8221; custom_padding=&#8221;0px||0px|&#8221; custom_padding_tablet=&#8221;50px|0|50px|0&#8243; transparent_background=&#8221;off&#8221; padding_mobile=&#8221;off&#8221;][et_pb_row make_fullwidth=&#8221;on&#8221; padding_mobile=&#8221;off&#8221; column_padding_mobile=&#8221;on&#8221; parallax_method_1=&#8221;off&#8221; admin_label=&#8221;row&#8221; _builder_version=&#8221;3.0.48&#8243; background_size=&#8221;initial&#8221; background_position=&#8221;top_left&#8221; background_repeat=&#8221;repeat&#8221;][et_pb_column type=&#8221;4_4&#8243; _builder_version=&#8221;3.0.47&#8243; column_padding_mobile=&#8221;on&#8221; parallax=&#8221;off&#8221; parallax_method=&#8221;off&#8221;][et_pb_image src=&#8221;http:\/\/peroneo.pt\/cms\/wp-content\/uploads\/2016\/06\/psico1.jpg&#8221; force_fullwidth=&#8221;on&#8221; admin_label=&#8221;Image&#8221; _builder_version=&#8221;3.0.87&#8243; custom_margin=&#8221;0px||0px|&#8221; animation_style=&#8221;slide&#8221; animation_direction=&#8221;left&#8221; animation_duration=&#8221;500ms&#8221; animation_intensity_slide=&#8221;10%&#8221; use_border_color=&#8221;off&#8221; border_color=&#8221;#ffffff&#8221; border_style=&#8221;solid&#8221; animation=&#8221;left&#8221; sticky=&#8221;off&#8221;] [\/et_pb_image][\/et_pb_column][\/et_pb_row][\/et_pb_section][et_pb_section fb_built=&#8221;1&#8243; custom_padding_last_edited=&#8221;on|desktop&#8221; admin_label=&#8221;section&#8221; _builder_version=&#8221;3.0.74&#8243; background_color=&#8221;#ffffff&#8221; custom_padding=&#8221;20px||0px|&#8221; custom_padding_tablet=&#8221;50px|0|50px|0&#8243; transparent_background=&#8221;off&#8221; padding_mobile=&#8221;off&#8221;][et_pb_row admin_label=&#8221;row&#8221; _builder_version=&#8221;3.0.48&#8243; background_size=&#8221;initial&#8221; background_position=&#8221;top_left&#8221; background_repeat=&#8221;repeat&#8221;][et_pb_column type=&#8221;4_4&#8243; _builder_version=&#8221;3.0.47&#8243; parallax=&#8221;off&#8221; parallax_method=&#8221;on&#8221;][et_pb_text admin_label=&#8221;Text&#8221; _builder_version=&#8221;3.0.87&#8243; text_font=&#8221;|on|||&#8221; text_font_size=&#8221;22&#8243; text_letter_spacing=&#8221;1px&#8221; background_size=&#8221;initial&#8221; background_position=&#8221;top_left&#8221; background_repeat=&#8221;repeat&#8221; border_width_all=&#8221;0px&#8221; border_color_all=&#8221;#0c9dc9&#8243; border_style_all=&#8221;dashed&#8221; use_border_color=&#8221;on&#8221; border_color=&#8221;#0c9dc9&#8243; border_style=&#8221;dashed&#8221;]PSICOLOGIA<br \/>\n[\/et_pb_text][\/et_pb_column][\/et_pb_row][\/et_pb_section][et_pb_section fb_built=&#8221;1&#8243; custom_padding_last_edited=&#8221;on|desktop&#8221; admin_label=&#8221;section&#8221; _builder_version=&#8221;3.0.74&#8243; background_color=&#8221;#ffffff&#8221; custom_padding=&#8221;30px|||&#8221; custom_padding_tablet=&#8221;50px|0|50px|0&#8243; transparent_background=&#8221;off&#8221; padding_mobile=&#8221;off&#8221;][et_pb_row admin_label=&#8221;row&#8221; _builder_version=&#8221;3.0.48&#8243; background_size=&#8221;initial&#8221; background_position=&#8221;top_left&#8221; background_repeat=&#8221;repeat&#8221;][et_pb_column type=&#8221;2_3&#8243; _builder_version=&#8221;3.0.47&#8243; parallax=&#8221;off&#8221; parallax_method=&#8221;on&#8221;][et_pb_text admin_label=&#8221;Text&#8221; _builder_version=&#8221;3.0.87&#8243; background_size=&#8221;initial&#8221; background_position=&#8221;top_left&#8221; background_repeat=&#8221;repeat&#8221; custom_css_main_element=&#8221;margin-left: -20px !important;&#8221; use_border_color=&#8221;off&#8221; border_color=&#8221;#ffffff&#8221; border_style=&#8221;solid&#8221;]<\/p>\n<p style=\"text-align: justify;\">A psicologia \u00e9 a ci\u00eancia que estuda os processos mentais. A palavra vem do grego: psico- (alma ou actividade mental) e -log\u00eda (estudo). Esta disciplina analisa as tr\u00eas dimens\u00f5es desses processos: cognitiva, afectiva e comportamental.<\/p>\n<p style=\"text-align: justify;\">A psicologia moderna tratou de compilar factos\/casos sobre o comportamento e a experi\u00eancia humana, organizando-os de forma sistem\u00e1tica e elaborando teorias para a sua compreens\u00e3o. Estes estudos permitem explicar o comportamento dos seres humanos e inclusive anteceder as suas ac\u00e7\u00f5es futuras.<br \/>\nA metodologia de estudo da psicologia divide-se em duas grandes \u00e1reas: aquela que entende esta disciplina como uma ci\u00eancia b\u00e1sica ou experimental e utiliza um m\u00e9todo cient\u00edfico quantitativo (contrasta hip\u00f3teses com vari\u00e1veis quantific\u00e1veis em contextos experimentais), e outra que procura compreender o fen\u00f3meno psicol\u00f3gico mediante metodologias qualitativas que enrique\u00e7am a descri\u00e7\u00e3o e ajudem a interpretar os processos.<\/p>\n<p style=\"text-align: justify;\">A psicologia tamb\u00e9m se pode dividir em psicologia b\u00e1sica (a sua fun\u00e7\u00e3o consiste em gerar novos conhecimentos no que diz respeito aos fen\u00f3menos psicol\u00f3gicos) e em psicologia aplicada (tem como objetivo a solu\u00e7\u00e3o de problemas pr\u00e1ticos atrav\u00e9s da aplica\u00e7\u00e3o dos conhecimentos produzidos pela psicologia b\u00e1sica).<\/p>\n<p style=\"text-align: justify;\">alvez a doutrina da psicologia mais conhecida seja a cognitiva, que estuda o acto de conhecimento (a forma mediante a qual se compreende, organiza e utiliza a informa\u00e7\u00e3o recebida atrav\u00e9s dos sentidos). Desta forma, a psicologia cognitiva estuda fun\u00e7\u00f5es como a aten\u00e7\u00e3o, a percep\u00e7\u00e3o, a mem\u00f3ria e a linguagem.<\/p>\n<p style=\"text-align: justify;\">Relativamente \u00e0 defini\u00e7\u00e3o de psic\u00f3logo, o termo refere-se ao profissional licenciado em Psicologia ou, na sua acep\u00e7\u00e3o mais ampla, \u00e0s pessoas que estudam o comportamento humano sob o prisma cient\u00edfico. Sigmund Freud, Carl Jung e Jean Piaget s\u00e3o alguns dos psic\u00f3logos pioneiros.<\/p>\n<p>[\/et_pb_text][\/et_pb_column][et_pb_column type=&#8221;1_3&#8243; _builder_version=&#8221;3.0.47&#8243; parallax=&#8221;off&#8221; parallax_method=&#8221;on&#8221;][et_pb_text admin_label=&#8221;Text&#8221; _builder_version=&#8221;3.0.87&#8243; text_font_size=&#8221;13&#8243; text_line_height=&#8221;1.3em&#8221; background_color=&#8221;rgba(0,0,0,0.05)&#8221; background_size=&#8221;initial&#8221; background_position=&#8221;top_left&#8221; background_repeat=&#8221;repeat&#8221; custom_margin=&#8221;|||15px&#8221; custom_padding=&#8221;10px||10px|&#8221; custom_css_main_element=&#8221;margin-top: 15px !important;&#8221; use_border_color=&#8221;off&#8221; border_color=&#8221;#ffffff&#8221; border_style=&#8221;solid&#8221;]<\/p>\n<p style=\"text-align: justify;\">PSIC\u00d3LOGOS:<\/p>\n<p style=\"text-align: justify;\"><strong>Dra. Sandra Martins<\/strong><br \/> Amieiro e Tocha<\/p>\n<p style=\"text-align: justify;\"><strong>Dra. Filipa Veir\u00e3o<\/strong><br \/>Granja do Ulmeiro<\/p>\n<p style=\"text-align: justify;\"><strong>Dra. Alexandra Vaz<\/strong><br \/> Vilarinho do Bairro<\/p>\n<p>[\/et_pb_text][\/et_pb_column][\/et_pb_row][\/et_pb_section][et_pb_section fb_built=&#8221;1&#8243; disabled_on=&#8221;on|on|on&#8221; admin_label=&#8221;section&#8221; _builder_version=&#8221;3.0.47&#8243; disabled=&#8221;on&#8221;][et_pb_row admin_label=&#8221;row&#8221; _builder_version=&#8221;3.0.48&#8243; background_size=&#8221;initial&#8221; background_position=&#8221;top_left&#8221; background_repeat=&#8221;repeat&#8221;][et_pb_column type=&#8221;1_2&#8243; _builder_version=&#8221;3.0.47&#8243; parallax=&#8221;off&#8221; parallax_method=&#8221;on&#8221;][\/et_pb_column][et_pb_column type=&#8221;1_2&#8243; _builder_version=&#8221;3.0.47&#8243; parallax=&#8221;off&#8221; parallax_method=&#8221;on&#8221;][\/et_pb_column][\/et_pb_row][\/et_pb_section]<\/p>\n","protected":false},"excerpt":{"rendered":"<p>[et_pb_section fb_built=&#8221;1&#8243; custom_padding_last_edited=&#8221;on|desktop&#8221; admin_label=&#8221;section&#8221; _builder_version=&#8221;3.0.74&#8243; background_color=&#8221;#ffffff&#8221; custom_padding=&#8221;0px||0px|&#8221; custom_padding_tablet=&#8221;50px|0|50px|0&#8243; transparent_background=&#8221;off&#8221; padding_mobile=&#8221;off&#8221;][et_pb_row make_fullwidth=&#8221;on&#8221; padding_mobile=&#8221;off&#8221; column_padding_mobile=&#8221;on&#8221; parallax_method_1=&#8221;off&#8221; admin_label=&#8221;row&#8221; _builder_version=&#8221;3.0.48&#8243; background_size=&#8221;initial&#8221; background_position=&#8221;top_left&#8221; background_repeat=&#8221;repeat&#8221;][et_pb_column type=&#8221;4_4&#8243; _builder_version=&#8221;3.0.47&#8243; column_padding_mobile=&#8221;on&#8221; parallax=&#8221;off&#8221; parallax_method=&#8221;off&#8221;][et_pb_image src=&#8221;http:\/\/peroneo.pt\/cms\/wp-content\/uploads\/2016\/06\/psico1.jpg&#8221; force_fullwidth=&#8221;on&#8221; admin_label=&#8221;Image&#8221; _builder_version=&#8221;3.0.87&#8243; custom_margin=&#8221;0px||0px|&#8221; animation_style=&#8221;slide&#8221; animation_direction=&#8221;left&#8221; animation_duration=&#8221;500ms&#8221; animation_intensity_slide=&#8221;10%&#8221; use_border_color=&#8221;off&#8221; border_color=&#8221;#ffffff&#8221; border_style=&#8221;solid&#8221; animation=&#8221;left&#8221; sticky=&#8221;off&#8221;] [\/et_pb_image][\/et_pb_column][\/et_pb_row][\/et_pb_section][et_pb_section fb_built=&#8221;1&#8243; custom_padding_last_edited=&#8221;on|desktop&#8221; admin_label=&#8221;section&#8221; _builder_version=&#8221;3.0.74&#8243; background_color=&#8221;#ffffff&#8221; custom_padding=&#8221;20px||0px|&#8221; custom_padding_tablet=&#8221;50px|0|50px|0&#8243; transparent_background=&#8221;off&#8221; padding_mobile=&#8221;off&#8221;][et_pb_row admin_label=&#8221;row&#8221; _builder_version=&#8221;3.0.48&#8243; background_size=&#8221;initial&#8221; background_position=&#8221;top_left&#8221; background_repeat=&#8221;repeat&#8221;][et_pb_column type=&#8221;4_4&#8243; _builder_version=&#8221;3.0.47&#8243; [&hellip;]<\/p>\n","protected":false},"author":1,"featured_media":0,"parent":0,"menu_order":0,"comment_status":"closed","ping_status":"closed","template":"","meta":[],"_links":{"self":[{"href":"https:\/\/peroneo.pt\/cms\/wp-json\/wp\/v2\/pages\/205"}],"collection":[{"href":"https:\/\/peroneo.pt\/cms\/wp-json\/wp\/v2\/pages"}],"about":[{"href":"https:\/\/peroneo.pt\/cms\/wp-json\/wp\/v2\/types\/page"}],"author":[{"embeddable":true,"href":"https:\/\/peroneo.pt\/cms\/wp-json\/wp\/v2\/users\/1"}],"replies":[{"embeddable":true,"href":"https:\/\/peroneo.pt\/cms\/wp-json\/wp\/v2\/comments?post=205"}],"version-history":[{"count":6,"href":"https:\/\/peroneo.pt\/cms\/wp-json\/wp\/v2\/pages\/205\/revisions"}],"predecessor-version":[{"id":1546,"href":"https:\/\/peroneo.pt\/cms\/wp-json\/wp\/v2\/pages\/205\/revisions\/1546"}],"wp:attachment":[{"href":"https:\/\/peroneo.pt\/cms\/wp-json\/wp\/v2\/media?parent=205"}],"curies":[{"name":"wp","href":"https:\/\/api.w.org\/{rel}","templated":true}]}}