{"id":1067,"date":"2016-07-04T15:41:19","date_gmt":"2016-07-04T15:41:19","guid":{"rendered":"http:\/\/peroneo.pt\/cms\/?page_id=1067"},"modified":"2020-08-06T16:02:55","modified_gmt":"2020-08-06T16:02:55","slug":"podologia","status":"publish","type":"page","link":"https:\/\/peroneo.pt\/cms\/podologia\/","title":{"rendered":"PODOLOGIA"},"content":{"rendered":"<p>[et_pb_section fb_built=&#8221;1&#8243; custom_padding_last_edited=&#8221;on|desktop&#8221; admin_label=&#8221;section&#8221; _builder_version=&#8221;3.0.74&#8243; background_color=&#8221;#ffffff&#8221; custom_padding=&#8221;0px||0px|&#8221; custom_padding_tablet=&#8221;50px|0|50px|0&#8243; transparent_background=&#8221;off&#8221; padding_mobile=&#8221;off&#8221;][et_pb_row make_fullwidth=&#8221;on&#8221; padding_mobile=&#8221;off&#8221; column_padding_mobile=&#8221;on&#8221; parallax_method_1=&#8221;off&#8221; admin_label=&#8221;row&#8221; _builder_version=&#8221;3.0.48&#8243; background_size=&#8221;initial&#8221; background_position=&#8221;top_left&#8221; background_repeat=&#8221;repeat&#8221;][et_pb_column type=&#8221;4_4&#8243; _builder_version=&#8221;3.0.47&#8243; column_padding_mobile=&#8221;on&#8221; parallax=&#8221;off&#8221; parallax_method=&#8221;off&#8221;][et_pb_image src=&#8221;http:\/\/peroneo.pt\/cms\/wp-content\/uploads\/2016\/07\/podologia.jpg&#8221; force_fullwidth=&#8221;on&#8221; admin_label=&#8221;Image&#8221; _builder_version=&#8221;3.0.87&#8243; custom_margin=&#8221;0px||0px|&#8221; animation_style=&#8221;slide&#8221; animation_direction=&#8221;left&#8221; animation_duration=&#8221;500ms&#8221; animation_intensity_slide=&#8221;10%&#8221; use_border_color=&#8221;off&#8221; border_color=&#8221;#ffffff&#8221; border_style=&#8221;solid&#8221; animation=&#8221;left&#8221; sticky=&#8221;off&#8221;] [\/et_pb_image][\/et_pb_column][\/et_pb_row][\/et_pb_section][et_pb_section fb_built=&#8221;1&#8243; custom_padding_last_edited=&#8221;on|desktop&#8221; admin_label=&#8221;section&#8221; _builder_version=&#8221;3.0.74&#8243; background_color=&#8221;#ffffff&#8221; custom_padding=&#8221;20px||0px|&#8221; custom_padding_tablet=&#8221;50px|0|50px|0&#8243; transparent_background=&#8221;off&#8221; padding_mobile=&#8221;off&#8221;][et_pb_row admin_label=&#8221;row&#8221; _builder_version=&#8221;3.0.48&#8243; background_size=&#8221;initial&#8221; background_position=&#8221;top_left&#8221; background_repeat=&#8221;repeat&#8221;][et_pb_column type=&#8221;4_4&#8243; _builder_version=&#8221;3.0.47&#8243; parallax=&#8221;off&#8221; parallax_method=&#8221;on&#8221;][et_pb_text admin_label=&#8221;Text&#8221; _builder_version=&#8221;3.0.87&#8243; text_font=&#8221;|on|||&#8221; text_font_size=&#8221;22&#8243; text_letter_spacing=&#8221;1px&#8221; background_size=&#8221;initial&#8221; background_position=&#8221;top_left&#8221; background_repeat=&#8221;repeat&#8221; border_width_all=&#8221;0px&#8221; border_color_all=&#8221;#0c9dc9&#8243; border_style_all=&#8221;dashed&#8221; use_border_color=&#8221;on&#8221; border_color=&#8221;#0c9dc9&#8243; border_style=&#8221;dashed&#8221;]PODOLOGIA<br \/>\n[\/et_pb_text][\/et_pb_column][\/et_pb_row][\/et_pb_section][et_pb_section fb_built=&#8221;1&#8243; custom_padding_last_edited=&#8221;on|desktop&#8221; admin_label=&#8221;section&#8221; _builder_version=&#8221;3.0.74&#8243; background_color=&#8221;#ffffff&#8221; custom_padding=&#8221;30px|||&#8221; custom_padding_tablet=&#8221;50px|0|50px|0&#8243; transparent_background=&#8221;off&#8221; padding_mobile=&#8221;off&#8221;][et_pb_row admin_label=&#8221;row&#8221; _builder_version=&#8221;3.0.48&#8243; background_size=&#8221;initial&#8221; background_position=&#8221;top_left&#8221; background_repeat=&#8221;repeat&#8221;][et_pb_column type=&#8221;2_3&#8243; _builder_version=&#8221;3.0.47&#8243; parallax=&#8221;off&#8221; parallax_method=&#8221;on&#8221;][et_pb_text admin_label=&#8221;Text&#8221; _builder_version=&#8221;3.0.87&#8243; background_size=&#8221;initial&#8221; background_position=&#8221;top_left&#8221; background_repeat=&#8221;repeat&#8221; custom_css_main_element=&#8221;margin-left: -20px !important;&#8221; use_border_color=&#8221;off&#8221; border_color=&#8221;#ffffff&#8221; border_style=&#8221;solid&#8221;]<\/p>\n<p style=\"text-align: justify;\">Alguns p\u00e9s t\u00eam necessidades especiais \u2013 o p\u00e9 da crian\u00e7a, o p\u00e9 do desportista, o p\u00e9 do trabalhador, o p\u00e9 do idoso, o p\u00e9 afectado por doen\u00e7as.<\/p>\n<p style=\"text-align: justify;\">Os p\u00e9s das crian\u00e7as est\u00e3o ainda em desenvolvimento e s\u00e3o fr\u00e1geis. Eles podem ser facilmente afectados pelo uso de cal\u00e7ado mal ajustado. A examina\u00e7\u00e3o precoce do p\u00e9 da crian\u00e7a \u00e9 uma medida preventiva. Desgaste anormal do cal\u00e7ado; mau apoio dos p\u00e9s, altera\u00e7\u00f5es dermatol\u00f3gicas, como por exemplo verrugas, altera\u00e7\u00f5es das unhas, altera\u00e7\u00f5es da marcha, dores nos p\u00e9s, trope\u00e7ar frequente, s\u00e3o sinais de potenciais problemas.<\/p>\n<p style=\"text-align: justify;\">O diagn\u00f3stico e o tratamento precoce do p\u00e9 da crian\u00e7a \u00e9 fundamental para assegurar um crescimento correcto e prevenir o aparecimento de altera\u00e7\u00f5es estruturais e funcionais.<br \/>\nO crescimento e desenvolvimento do p\u00e9 da crian\u00e7a devem ser acompanhados pelo Podologista assegurando um tratamento especializado e personalizado.<\/p>\n<p style=\"text-align: justify;\">As actividades desportivas \u2013 caminhar, correr, saltar \u2013 acarretam uma grande demanda f\u00edsica para o corpo, muito mais do que as actividades normais do dia a dia. Enquanto corremos, os p\u00e9s podem absorver at\u00e9 3 vezes o peso do nosso peso. Assim sendo, n\u00e3o \u00e9 surpreendente que as altera\u00e7\u00f5es patol\u00f3gicas do p\u00e9 e do membro inferior constituam uma grande propor\u00e7\u00e3o das les\u00f5es desportivas. Os Podologistas compreendem a estrutura e o movimento do p\u00e9. O diagn\u00f3stico precoce das patologias dos p\u00e9s \u00e9 indispens\u00e1vel para proporcionar uma melhor qualidade de vida e um melhor rendimento desportivo.<\/p>\n<p style=\"text-align: justify;\">Durante o per\u00edodo laboral, os nossos p\u00e9s podem percorrer at\u00e9 24 quil\u00f3metros num s\u00f3 dia, assim como absorver toda a carga associada \u00e0 especificidade laboral de cada um de n\u00f3s \u2013 andar, correr, levantar, subir e descer escadas, levantar pesos, conduzir maquinaria ou ve\u00edculos, passar longos per\u00edodos de p\u00e9, etc.<\/p>\n<p style=\"text-align: justify;\">Aproximadamente 20% de todas as queixas de sa\u00fade nos locais de trabalho est\u00e3o relacionadas com les\u00f5es dos p\u00e9s. Pesquisas demonstram que os problemas dos p\u00e9s relacionados com o trabalho est\u00e3o muitas vezes associados \u00e0 inadequa\u00e7\u00e3o e fraca qualidade do cal\u00e7ado.<\/p>\n<p style=\"text-align: justify;\">Quando alcan\u00e7amos os 50 anos de idade, os nossos p\u00e9s percorreram 86.000 quil\u00f3metros, fazendo com que fiquem mais suscept\u00edveis a doen\u00e7as e les\u00f5es. Estudos cl\u00ednicos demonstram que a partir dos 50 anos, estamos 80% mais suscept\u00edveis ao desenvolvimento de artrite do p\u00e9 e do tornozelo, assim como, 90% mais sujeitos ao desenvolvimento de deforma\u00e7\u00f5es das articula\u00e7\u00f5es do p\u00e9 e dos dedos dos p\u00e9s.<\/p>\n<p style=\"text-align: justify;\">As pessoas com diabetes est\u00e3o em risco de desenvolver problemas s\u00e9rios nos p\u00e9s pelo facto de apresentarem altera\u00e7\u00f5es inerentes \u00e0 doen\u00e7a. As altera\u00e7\u00f5es do aporte sangu\u00edneo e as altera\u00e7\u00f5es degenerativas dos p\u00e9s e das pernas diminuem a habilidade de lutar contra as infec\u00e7\u00f5es. Estes factores em conjunto, contribuem para a diminui\u00e7\u00e3o da capacidade de cicatriza\u00e7\u00e3o de feridas. Consultas de rotina s\u00e3o vitais para a sa\u00fade dos p\u00e9s do diab\u00e9tico. A Associa\u00e7\u00e3o Portuguesa de Podologia recomenda pelo menos uma consulta a cada 12 meses.<\/p>\n<p style=\"text-align: justify;\">\u00c9 recomendado que visite o Podologista sempre que:<\/p>\n<p style=\"text-align: justify;\">Sentir dores nos seus p\u00e9s<br \/>\nPassar longos per\u00edodos de p\u00e9<br \/>\nObservar problemas na pele ou unhas (unha encravada, altera\u00e7\u00e3o da cor das unhas, calosidades, altera\u00e7\u00f5es da pele)<br \/>\nSofrer de mau odor dos p\u00e9s<br \/>\nDetectar um ferimento nos p\u00e9s<br \/>\nApresentar problemas de sa\u00fade tal como a diabetes, artrite reumat\u00f3ide, problemas vasculares<br \/>\nTrope\u00e7ar ou torcer os p\u00e9s recorrentemente<br \/>\nTiver dificuldade em cal\u00e7ar sapatos devido a altera\u00e7\u00e3o da forma dos dedos<\/p>\n<p>[\/et_pb_text][\/et_pb_column][et_pb_column type=&#8221;1_3&#8243; _builder_version=&#8221;3.0.47&#8243; parallax=&#8221;off&#8221; parallax_method=&#8221;on&#8221;][et_pb_text admin_label=&#8221;Text&#8221; _builder_version=&#8221;3.0.87&#8243; text_font_size=&#8221;13&#8243; text_line_height=&#8221;1.3em&#8221; background_color=&#8221;rgba(0,0,0,0.05)&#8221; background_size=&#8221;initial&#8221; background_position=&#8221;top_left&#8221; background_repeat=&#8221;repeat&#8221; custom_margin=&#8221;|||15px&#8221; custom_padding=&#8221;10px||10px|&#8221; custom_css_main_element=&#8221;margin-top: 15px !important;&#8221; use_border_color=&#8221;off&#8221; border_color=&#8221;#ffffff&#8221; border_style=&#8221;solid&#8221;]<\/p>\n<p style=\"text-align: justify;\">POD\u00d3LOGOS:<\/p>\n<p style=\"text-align: justify;\"><strong>Dr. Oliv\u00e9rio Gon\u00e7alves<\/strong><br \/> Amieiro, Tocha e Granja do Ulmeiro<\/p>\n<p style=\"text-align: justify;\"><strong>Dra. T\u00e2nia Cardoso<\/strong><br \/>Vilarinho do Bairro<\/p>\n<p>[\/et_pb_text][\/et_pb_column][\/et_pb_row][\/et_pb_section][et_pb_section fb_built=&#8221;1&#8243; disabled_on=&#8221;on|on|on&#8221; admin_label=&#8221;section&#8221; _builder_version=&#8221;3.0.47&#8243; disabled=&#8221;on&#8221;][et_pb_row admin_label=&#8221;row&#8221; _builder_version=&#8221;3.0.48&#8243; background_size=&#8221;initial&#8221; background_position=&#8221;top_left&#8221; background_repeat=&#8221;repeat&#8221;][et_pb_column type=&#8221;1_2&#8243; _builder_version=&#8221;3.0.47&#8243; parallax=&#8221;off&#8221; parallax_method=&#8221;on&#8221;][\/et_pb_column][et_pb_column type=&#8221;1_2&#8243; _builder_version=&#8221;3.0.47&#8243; parallax=&#8221;off&#8221; parallax_method=&#8221;on&#8221;][\/et_pb_column][\/et_pb_row][\/et_pb_section]<\/p>\n","protected":false},"excerpt":{"rendered":"<p>[et_pb_section fb_built=&#8221;1&#8243; custom_padding_last_edited=&#8221;on|desktop&#8221; admin_label=&#8221;section&#8221; _builder_version=&#8221;3.0.74&#8243; background_color=&#8221;#ffffff&#8221; custom_padding=&#8221;0px||0px|&#8221; custom_padding_tablet=&#8221;50px|0|50px|0&#8243; transparent_background=&#8221;off&#8221; padding_mobile=&#8221;off&#8221;][et_pb_row make_fullwidth=&#8221;on&#8221; padding_mobile=&#8221;off&#8221; column_padding_mobile=&#8221;on&#8221; parallax_method_1=&#8221;off&#8221; admin_label=&#8221;row&#8221; _builder_version=&#8221;3.0.48&#8243; background_size=&#8221;initial&#8221; background_position=&#8221;top_left&#8221; background_repeat=&#8221;repeat&#8221;][et_pb_column type=&#8221;4_4&#8243; _builder_version=&#8221;3.0.47&#8243; column_padding_mobile=&#8221;on&#8221; parallax=&#8221;off&#8221; parallax_method=&#8221;off&#8221;][et_pb_image src=&#8221;http:\/\/peroneo.pt\/cms\/wp-content\/uploads\/2016\/07\/podologia.jpg&#8221; force_fullwidth=&#8221;on&#8221; admin_label=&#8221;Image&#8221; _builder_version=&#8221;3.0.87&#8243; custom_margin=&#8221;0px||0px|&#8221; animation_style=&#8221;slide&#8221; animation_direction=&#8221;left&#8221; animation_duration=&#8221;500ms&#8221; animation_intensity_slide=&#8221;10%&#8221; use_border_color=&#8221;off&#8221; border_color=&#8221;#ffffff&#8221; border_style=&#8221;solid&#8221; animation=&#8221;left&#8221; sticky=&#8221;off&#8221;] [\/et_pb_image][\/et_pb_column][\/et_pb_row][\/et_pb_section][et_pb_section fb_built=&#8221;1&#8243; custom_padding_last_edited=&#8221;on|desktop&#8221; admin_label=&#8221;section&#8221; _builder_version=&#8221;3.0.74&#8243; background_color=&#8221;#ffffff&#8221; custom_padding=&#8221;20px||0px|&#8221; custom_padding_tablet=&#8221;50px|0|50px|0&#8243; transparent_background=&#8221;off&#8221; padding_mobile=&#8221;off&#8221;][et_pb_row admin_label=&#8221;row&#8221; _builder_version=&#8221;3.0.48&#8243; background_size=&#8221;initial&#8221; background_position=&#8221;top_left&#8221; background_repeat=&#8221;repeat&#8221;][et_pb_column type=&#8221;4_4&#8243; _builder_version=&#8221;3.0.47&#8243; [&hellip;]<\/p>\n","protected":false},"author":1,"featured_media":0,"parent":0,"menu_order":0,"comment_status":"closed","ping_status":"closed","template":"","meta":[],"_links":{"self":[{"href":"https:\/\/peroneo.pt\/cms\/wp-json\/wp\/v2\/pages\/1067"}],"collection":[{"href":"https:\/\/peroneo.pt\/cms\/wp-json\/wp\/v2\/pages"}],"about":[{"href":"https:\/\/peroneo.pt\/cms\/wp-json\/wp\/v2\/types\/page"}],"author":[{"embeddable":true,"href":"https:\/\/peroneo.pt\/cms\/wp-json\/wp\/v2\/users\/1"}],"replies":[{"embeddable":true,"href":"https:\/\/peroneo.pt\/cms\/wp-json\/wp\/v2\/comments?post=1067"}],"version-history":[{"count":8,"href":"https:\/\/peroneo.pt\/cms\/wp-json\/wp\/v2\/pages\/1067\/revisions"}],"predecessor-version":[{"id":1558,"href":"https:\/\/peroneo.pt\/cms\/wp-json\/wp\/v2\/pages\/1067\/revisions\/1558"}],"wp:attachment":[{"href":"https:\/\/peroneo.pt\/cms\/wp-json\/wp\/v2\/media?parent=1067"}],"curies":[{"name":"wp","href":"https:\/\/api.w.org\/{rel}","templated":true}]}}