{"id":293,"date":"2016-06-15T11:45:38","date_gmt":"2016-06-15T11:45:38","guid":{"rendered":"http:\/\/peroneo.pt\/cms\/?page_id=293"},"modified":"2018-10-02T14:56:20","modified_gmt":"2018-10-02T14:56:20","slug":"seguranca-higiene-no-trabalho","status":"publish","type":"page","link":"http:\/\/peroneo.pt\/cms\/seguranca-higiene-no-trabalho\/","title":{"rendered":"Seguran\u00e7a, Higiene no Trabalho"},"content":{"rendered":"<p>[et_pb_section fb_built=&#8221;1&#8243; custom_padding_last_edited=&#8221;on|desktop&#8221; admin_label=&#8221;section&#8221; _builder_version=&#8221;3.0.74&#8243; background_color=&#8221;#ffffff&#8221; custom_padding=&#8221;0px||0px|&#8221; custom_padding_tablet=&#8221;50px|0|50px|0&#8243; transparent_background=&#8221;off&#8221; padding_mobile=&#8221;off&#8221;][et_pb_row make_fullwidth=&#8221;on&#8221; padding_mobile=&#8221;off&#8221; column_padding_mobile=&#8221;on&#8221; parallax_method_1=&#8221;off&#8221; admin_label=&#8221;row&#8221; _builder_version=&#8221;3.0.48&#8243; background_size=&#8221;initial&#8221; background_position=&#8221;top_left&#8221; background_repeat=&#8221;repeat&#8221;][et_pb_column type=&#8221;4_4&#8243; _builder_version=&#8221;3.0.47&#8243; column_padding_mobile=&#8221;on&#8221; parallax=&#8221;off&#8221; parallax_method=&#8221;off&#8221;][et_pb_image src=&#8221;http:\/\/peroneo.pt\/cms\/wp-content\/uploads\/2016\/06\/shst.jpg&#8221; force_fullwidth=&#8221;on&#8221; admin_label=&#8221;Image&#8221; _builder_version=&#8221;3.0.87&#8243; custom_margin=&#8221;0px||0px|&#8221; animation_style=&#8221;slide&#8221; animation_direction=&#8221;left&#8221; animation_duration=&#8221;500ms&#8221; animation_intensity_slide=&#8221;10%&#8221; use_border_color=&#8221;off&#8221; border_color=&#8221;#ffffff&#8221; border_style=&#8221;solid&#8221; animation=&#8221;left&#8221; sticky=&#8221;off&#8221;] [\/et_pb_image][\/et_pb_column][\/et_pb_row][\/et_pb_section][et_pb_section fb_built=&#8221;1&#8243; custom_padding_last_edited=&#8221;on|desktop&#8221; admin_label=&#8221;section&#8221; _builder_version=&#8221;3.0.74&#8243; background_color=&#8221;#ffffff&#8221; custom_padding=&#8221;20px||0px|&#8221; custom_padding_tablet=&#8221;50px|0|50px|0&#8243; transparent_background=&#8221;off&#8221; padding_mobile=&#8221;off&#8221;][et_pb_row admin_label=&#8221;row&#8221; _builder_version=&#8221;3.0.48&#8243; background_size=&#8221;initial&#8221; background_position=&#8221;top_left&#8221; background_repeat=&#8221;repeat&#8221;][et_pb_column type=&#8221;4_4&#8243; _builder_version=&#8221;3.0.47&#8243; parallax=&#8221;off&#8221; parallax_method=&#8221;on&#8221;][et_pb_text admin_label=&#8221;Text&#8221; _builder_version=&#8221;3.0.87&#8243; text_font=&#8221;|on|||&#8221; text_font_size=&#8221;22&#8243; text_letter_spacing=&#8221;1px&#8221; background_size=&#8221;initial&#8221; background_position=&#8221;top_left&#8221; background_repeat=&#8221;repeat&#8221; border_width_all=&#8221;0px&#8221; border_color_all=&#8221;#0c9dc9&#8243; border_style_all=&#8221;dashed&#8221; use_border_color=&#8221;on&#8221; border_color=&#8221;#0c9dc9&#8243; border_style=&#8221;dashed&#8221;] SEGURAN\u00c7A, HIGIENE NO TRABALHO [\/et_pb_text][\/et_pb_column][\/et_pb_row][\/et_pb_section][et_pb_section fb_built=&#8221;1&#8243; custom_padding_last_edited=&#8221;on|desktop&#8221; admin_label=&#8221;section&#8221; _builder_version=&#8221;3.0.74&#8243; background_color=&#8221;#ffffff&#8221; custom_padding=&#8221;30px|||&#8221; custom_padding_tablet=&#8221;50px|0|50px|0&#8243; transparent_background=&#8221;off&#8221; padding_mobile=&#8221;off&#8221;][et_pb_row admin_label=&#8221;row&#8221; _builder_version=&#8221;3.0.48&#8243; background_size=&#8221;initial&#8221; background_position=&#8221;top_left&#8221; background_repeat=&#8221;repeat&#8221;][et_pb_column type=&#8221;4_4&#8243; _builder_version=&#8221;3.0.47&#8243; parallax=&#8221;off&#8221; parallax_method=&#8221;on&#8221;][et_pb_text admin_label=&#8221;Text&#8221; _builder_version=&#8221;3.0.87&#8243; text_letter_spacing=&#8221;0&#8243; text_line_height=&#8221;1.6em&#8221; background_size=&#8221;initial&#8221; background_position=&#8221;top_left&#8221; background_repeat=&#8221;repeat&#8221; custom_padding=&#8221;|30px||&#8221; use_border_color=&#8221;off&#8221; border_color=&#8221;#ffffff&#8221; border_style=&#8221;solid&#8221;]<\/p>\n<div class=\"style span6\">\n<p style=\"text-align: justify;\">Na Peroneo \u2013 Centro Terap\u00eautico Lda., prestamos servi\u00e7os externos de Seguran\u00e7a no Trabalho com vista \u00e1 melhoria das condi\u00e7\u00f5es de trabalho, inerentes a cada actividade profissional e \u00e0 preven\u00e7\u00e3o de acidentes de trabalho.<\/p>\n<p style=\"text-align: justify;\"><strong>Equipa<\/strong><br \/> &#8211; Ana Carina Rama, T\u00e9cnica de Seguran\u00e7a no Trabalho N\u00edvel IV<br \/> &#8211; Diana Costa, T\u00e9cnica Superior de Seguran\u00e7a no Trabalho<\/p>\n<p style=\"text-align: justify;\"><strong>Atividades desenvolvidas\/ Servi\u00e7os<\/strong><br \/> &#8211; Organiza\u00e7\u00e3o dos servi\u00e7os de seguran\u00e7a, higiene e sa\u00fade no trabalho<br \/> &#8211; Auditorias de seguran\u00e7a<br \/> &#8211; Visitas de acompanhamento<br \/> &#8211; Identifica\u00e7\u00e3o e avalia\u00e7\u00e3o dos riscos e elabora\u00e7\u00e3o de relat\u00f3rio<br \/> &#8211; Elabora\u00e7\u00e3o de instru\u00e7\u00f5es de seguran\u00e7a para m\u00e1quinas e equipamentos<br \/> &#8211; Avalia\u00e7\u00e3o da exposi\u00e7\u00e3o do trabalhado ao ru\u00eddo<br \/> &#8211; Avalia\u00e7\u00e3o de ilumin\u00e2ncia<br \/> &#8211; Avalia\u00e7\u00e3o ambiente t\u00e9rmico<br \/> &#8211; Estudo da sinaliza\u00e7\u00e3o de seguran\u00e7a e emerg\u00eancia<br \/> &#8211; Estudo dos meios de combate a inc\u00eandio<br \/> &#8211; Elabora\u00e7\u00e3o dos procedimentos de seguran\u00e7a dos produtos qu\u00edmicos (fichas resumo de seguran\u00e7a)<br \/> &#8211; Elabora\u00e7\u00e3o de medidas de auto prote\u00e7\u00e3o<br \/> &#8211; An\u00e1lise de acidentes de trabalho e baixas por doen\u00e7a e elabora\u00e7\u00e3o de relat\u00f3rio<br \/> &#8211; Preenchimento e envio do Relat\u00f3rio \u00fanico (Anexo D \u2013 Relat\u00f3rio de Higiene e Seguran\u00e7a no Trabalho)<br \/> &#8211; A\u00e7\u00f5es de sensibiliza\u00e7\u00e3o<\/p>\n<p style=\"text-align: justify;\"><strong>Vantagens\/ Descontos<\/strong><br \/> <img loading=\"lazy\" class=\"alignnone size-medium wp-image-646\" src=\"http:\/\/peroneo.pt\/cms\/wp-content\/uploads\/2016\/06\/empresa-300x204.jpg\" alt=\"empresa\" width=\"300\" height=\"204\" srcset=\"http:\/\/peroneo.pt\/cms\/wp-content\/uploads\/2016\/06\/empresa-300x204.jpg 300w, http:\/\/peroneo.pt\/cms\/wp-content\/uploads\/2016\/06\/empresa-768x523.jpg 768w, http:\/\/peroneo.pt\/cms\/wp-content\/uploads\/2016\/06\/empresa-1024x698.jpg 1024w, http:\/\/peroneo.pt\/cms\/wp-content\/uploads\/2016\/06\/empresa-1080x736.jpg 1080w, http:\/\/peroneo.pt\/cms\/wp-content\/uploads\/2016\/06\/empresa.jpg 1920w\" sizes=\"(max-width: 300px) 100vw, 300px\" \/><br \/> \u00c9 oferecido a todos os trabalhadores das nossas empresas clientes, um cart\u00e3o + empresa que lhe oferece condi\u00e7\u00f5es vantajosas no acesso aos cuidados de sa\u00fade.<\/p>\n<p style=\"text-align: justify;\"><strong>PE\u00c7A-NOS UMA PROPOSTA<\/strong> \u2013 <a href=\"mailto:carina.rama@peroneo.pt\">Clique aqui<\/a><\/p>\n<\/div>\n<p>[\/et_pb_text][\/et_pb_column][\/et_pb_row][\/et_pb_section][et_pb_section fb_built=&#8221;1&#8243; disabled_on=&#8221;on|on|on&#8221; admin_label=&#8221;section&#8221; _builder_version=&#8221;3.0.47&#8243; disabled=&#8221;on&#8221;][et_pb_row admin_label=&#8221;row&#8221; _builder_version=&#8221;3.0.48&#8243; background_size=&#8221;initial&#8221; background_position=&#8221;top_left&#8221; background_repeat=&#8221;repeat&#8221;][et_pb_column type=&#8221;1_2&#8243; _builder_version=&#8221;3.0.47&#8243; parallax=&#8221;off&#8221; parallax_method=&#8221;on&#8221;][\/et_pb_column][et_pb_column type=&#8221;1_2&#8243; _builder_version=&#8221;3.0.47&#8243; parallax=&#8221;off&#8221; parallax_method=&#8221;on&#8221;][\/et_pb_column][\/et_pb_row][\/et_pb_section]<\/p>\n","protected":false},"excerpt":{"rendered":"<p>[et_pb_section fb_built=&#8221;1&#8243; custom_padding_last_edited=&#8221;on|desktop&#8221; admin_label=&#8221;section&#8221; _builder_version=&#8221;3.0.74&#8243; background_color=&#8221;#ffffff&#8221; custom_padding=&#8221;0px||0px|&#8221; custom_padding_tablet=&#8221;50px|0|50px|0&#8243; transparent_background=&#8221;off&#8221; padding_mobile=&#8221;off&#8221;][et_pb_row make_fullwidth=&#8221;on&#8221; padding_mobile=&#8221;off&#8221; column_padding_mobile=&#8221;on&#8221; parallax_method_1=&#8221;off&#8221; admin_label=&#8221;row&#8221; _builder_version=&#8221;3.0.48&#8243; background_size=&#8221;initial&#8221; background_position=&#8221;top_left&#8221; background_repeat=&#8221;repeat&#8221;][et_pb_column type=&#8221;4_4&#8243; _builder_version=&#8221;3.0.47&#8243; column_padding_mobile=&#8221;on&#8221; parallax=&#8221;off&#8221; parallax_method=&#8221;off&#8221;][et_pb_image src=&#8221;http:\/\/peroneo.pt\/cms\/wp-content\/uploads\/2016\/06\/shst.jpg&#8221; force_fullwidth=&#8221;on&#8221; admin_label=&#8221;Image&#8221; _builder_version=&#8221;3.0.87&#8243; custom_margin=&#8221;0px||0px|&#8221; animation_style=&#8221;slide&#8221; animation_direction=&#8221;left&#8221; animation_duration=&#8221;500ms&#8221; animation_intensity_slide=&#8221;10%&#8221; use_border_color=&#8221;off&#8221; border_color=&#8221;#ffffff&#8221; border_style=&#8221;solid&#8221; animation=&#8221;left&#8221; sticky=&#8221;off&#8221;] [\/et_pb_image][\/et_pb_column][\/et_pb_row][\/et_pb_section][et_pb_section fb_built=&#8221;1&#8243; custom_padding_last_edited=&#8221;on|desktop&#8221; admin_label=&#8221;section&#8221; _builder_version=&#8221;3.0.74&#8243; background_color=&#8221;#ffffff&#8221; custom_padding=&#8221;20px||0px|&#8221; custom_padding_tablet=&#8221;50px|0|50px|0&#8243; transparent_background=&#8221;off&#8221; padding_mobile=&#8221;off&#8221;][et_pb_row admin_label=&#8221;row&#8221; _builder_version=&#8221;3.0.48&#8243; background_size=&#8221;initial&#8221; background_position=&#8221;top_left&#8221; background_repeat=&#8221;repeat&#8221;][et_pb_column type=&#8221;4_4&#8243; _builder_version=&#8221;3.0.47&#8243; [&hellip;]<\/p>\n","protected":false},"author":1,"featured_media":0,"parent":0,"menu_order":0,"comment_status":"closed","ping_status":"closed","template":"","meta":[],"_links":{"self":[{"href":"http:\/\/peroneo.pt\/cms\/wp-json\/wp\/v2\/pages\/293"}],"collection":[{"href":"http:\/\/peroneo.pt\/cms\/wp-json\/wp\/v2\/pages"}],"about":[{"href":"http:\/\/peroneo.pt\/cms\/wp-json\/wp\/v2\/types\/page"}],"author":[{"embeddable":true,"href":"http:\/\/peroneo.pt\/cms\/wp-json\/wp\/v2\/users\/1"}],"replies":[{"embeddable":true,"href":"http:\/\/peroneo.pt\/cms\/wp-json\/wp\/v2\/comments?post=293"}],"version-history":[{"count":7,"href":"http:\/\/peroneo.pt\/cms\/wp-json\/wp\/v2\/pages\/293\/revisions"}],"predecessor-version":[{"id":1466,"href":"http:\/\/peroneo.pt\/cms\/wp-json\/wp\/v2\/pages\/293\/revisions\/1466"}],"wp:attachment":[{"href":"http:\/\/peroneo.pt\/cms\/wp-json\/wp\/v2\/media?parent=293"}],"curies":[{"name":"wp","href":"https:\/\/api.w.org\/{rel}","templated":true}]}}