{"id":271,"date":"2016-06-15T11:42:41","date_gmt":"2016-06-15T11:42:41","guid":{"rendered":"http:\/\/peroneo.pt\/cms\/?page_id=271"},"modified":"2016-06-24T11:46:36","modified_gmt":"2016-06-24T11:46:36","slug":"servicos","status":"publish","type":"page","link":"http:\/\/peroneo.pt\/cms\/servicos\/","title":{"rendered":"Servi\u00e7os"},"content":{"rendered":"<p>[et_pb_section admin_label=&#8221;section&#8221; transparent_background=&#8221;off&#8221; background_color=&#8221;#ffffff&#8221; allow_player_pause=&#8221;off&#8221; inner_shadow=&#8221;off&#8221; parallax=&#8221;off&#8221; parallax_method=&#8221;off&#8221; custom_padding=&#8221;0px||0px|&#8221; padding_mobile=&#8221;off&#8221; make_fullwidth=&#8221;off&#8221; use_custom_width=&#8221;off&#8221; width_unit=&#8221;on&#8221; make_equal=&#8221;off&#8221; use_custom_gutter=&#8221;off&#8221;][et_pb_row admin_label=&#8221;row&#8221; make_fullwidth=&#8221;on&#8221; use_custom_width=&#8221;off&#8221; width_unit=&#8221;on&#8221; use_custom_gutter=&#8221;off&#8221; padding_mobile=&#8221;off&#8221; allow_player_pause=&#8221;off&#8221; parallax=&#8221;off&#8221; parallax_method=&#8221;off&#8221; make_equal=&#8221;off&#8221; parallax_1=&#8221;off&#8221; parallax_method_1=&#8221;off&#8221; column_padding_mobile=&#8221;on&#8221;][et_pb_column type=&#8221;4_4&#8243;][et_pb_image admin_label=&#8221;Image&#8221; src=&#8221;http:\/\/peroneo.pt\/cms\/wp-content\/uploads\/2016\/06\/haccp.jpg&#8221; show_in_lightbox=&#8221;off&#8221; url_new_window=&#8221;off&#8221; use_overlay=&#8221;off&#8221; animation=&#8221;left&#8221; sticky=&#8221;off&#8221; align=&#8221;left&#8221; force_fullwidth=&#8221;on&#8221; always_center_on_mobile=&#8221;on&#8221; use_border_color=&#8221;off&#8221; border_color=&#8221;#ffffff&#8221; border_style=&#8221;solid&#8221; custom_margin=&#8221;0px||0px|&#8221;] [\/et_pb_image][\/et_pb_column][\/et_pb_row][\/et_pb_section][et_pb_section admin_label=&#8221;section&#8221; transparent_background=&#8221;off&#8221; background_color=&#8221;#ffffff&#8221; allow_player_pause=&#8221;off&#8221; inner_shadow=&#8221;off&#8221; parallax=&#8221;off&#8221; parallax_method=&#8221;off&#8221; custom_padding=&#8221;20px||0px|&#8221; padding_mobile=&#8221;off&#8221; make_fullwidth=&#8221;off&#8221; use_custom_width=&#8221;off&#8221; width_unit=&#8221;on&#8221; make_equal=&#8221;off&#8221; use_custom_gutter=&#8221;off&#8221;][et_pb_row admin_label=&#8221;row&#8221;][et_pb_column type=&#8221;4_4&#8243;][et_pb_text admin_label=&#8221;Text&#8221; background_layout=&#8221;light&#8221; text_orientation=&#8221;left&#8221; text_font_size=&#8221;22&#8243; text_letter_spacing=&#8221;1px&#8221; use_border_color=&#8221;on&#8221; border_color=&#8221;#0c9dc9&#8243; border_style=&#8221;dashed&#8221; text_font=&#8221;|on|||&#8221;]<\/p>\n<p>SERVI\u00c7OS<\/p>\n<p>[\/et_pb_text][\/et_pb_column][\/et_pb_row][\/et_pb_section][et_pb_section admin_label=&#8221;section&#8221; transparent_background=&#8221;off&#8221; background_color=&#8221;#ffffff&#8221; allow_player_pause=&#8221;off&#8221; inner_shadow=&#8221;off&#8221; parallax=&#8221;off&#8221; parallax_method=&#8221;off&#8221; custom_padding=&#8221;30px|||&#8221; padding_mobile=&#8221;off&#8221; make_fullwidth=&#8221;off&#8221; use_custom_width=&#8221;off&#8221; width_unit=&#8221;on&#8221; make_equal=&#8221;off&#8221; use_custom_gutter=&#8221;off&#8221;][et_pb_row admin_label=&#8221;row&#8221;][et_pb_column type=&#8221;4_4&#8243;][et_pb_text admin_label=&#8221;Text&#8221; background_layout=&#8221;light&#8221; text_orientation=&#8221;left&#8221; use_border_color=&#8221;off&#8221; border_color=&#8221;#ffffff&#8221; border_style=&#8221;solid&#8221; custom_padding=&#8221;|30px||&#8221; text_letter_spacing=&#8221;0&#8243; text_line_height=&#8221;1.6em&#8221;]<\/p>\n<div class=\"style span6\">\n<p style=\"text-align: justify;\">O Peroneo \u2013 Centro Terap\u00eautico presta servi\u00e7o de consultoria t\u00e9cnica e auditoria nas diversas actividades do sector alimentar. Sendo dotado de recursos materiais adequados, recursos humanos qualificados e dotados de forma\u00e7\u00e3o superior em v\u00e1rias \u00e1reas formando equipas multidisciplinares que lhe permitem executar um servi\u00e7o com rigor e qualidade. De acordo com as necessidades de cada cliente, poder\u00e1 ser proposto um conjunto espec\u00edfico de servi\u00e7os.<\/p>\n<p style=\"text-align: justify;\"><strong>SERVI\u00c7OS<\/strong><br \/>\n\u2022 Execu\u00e7\u00e3o de <strong>Auditorias Higio-Sanit\u00e1rias<\/strong> e elabora\u00e7\u00e3o de relat\u00f3rios t\u00e9cnicos com indica\u00e7\u00e3o das n\u00e3o conformidades detectadas e respectivas recomenda\u00e7\u00f5es.<br \/>\n\u2022 <strong>Forma\u00e7\u00e3o e informa\u00e7\u00e3o<\/strong> em sala e no local de trabalho.<br \/>\n\u2022 <strong>Sensibiliza\u00e7\u00e3o<\/strong> de todos os intervenientes no processo.<br \/>\n\u2022 Distribui\u00e7\u00e3o de <strong>documenta\u00e7\u00e3o t\u00e9cnica<\/strong> informativa.<br \/>\n\u2022 <strong>Apoio t\u00e9cnico<\/strong> aquando de fiscaliza\u00e7\u00f5es por entidades oficiais.<br \/>\n\u2022 <strong>Colheita de amostras para an\u00e1lise microbiol\u00f3gica<\/strong> e f\u00edsico-qu\u00edmica em laborat\u00f3rio acreditado nosso parceiro, Laborat\u00f3rio Tomaz (Grupo Beatriz Godinho).<br \/>\n\u2022 <strong>Implementa\u00e7\u00e3o<\/strong> de sistemas de seguran\u00e7a alimentar baseados nos princ\u00edpios do HACCP.<\/p>\n<\/div>\n<p>[\/et_pb_text][\/et_pb_column][\/et_pb_row][\/et_pb_section][et_pb_section admin_label=&#8221;section&#8221; disabled_on=&#8221;on|on|on&#8221; disabled=&#8221;on&#8221;][et_pb_row admin_label=&#8221;row&#8221;][et_pb_column type=&#8221;1_2&#8243;][\/et_pb_column][et_pb_column type=&#8221;1_2&#8243;][\/et_pb_column][\/et_pb_row][\/et_pb_section]<\/p>\n","protected":false},"excerpt":{"rendered":"<p>[et_pb_section admin_label=&#8221;section&#8221; transparent_background=&#8221;off&#8221; background_color=&#8221;#ffffff&#8221; allow_player_pause=&#8221;off&#8221; inner_shadow=&#8221;off&#8221; parallax=&#8221;off&#8221; parallax_method=&#8221;off&#8221; custom_padding=&#8221;0px||0px|&#8221; padding_mobile=&#8221;off&#8221; make_fullwidth=&#8221;off&#8221; use_custom_width=&#8221;off&#8221; width_unit=&#8221;on&#8221; make_equal=&#8221;off&#8221; use_custom_gutter=&#8221;off&#8221;][et_pb_row admin_label=&#8221;row&#8221; make_fullwidth=&#8221;on&#8221; use_custom_width=&#8221;off&#8221; width_unit=&#8221;on&#8221; use_custom_gutter=&#8221;off&#8221; padding_mobile=&#8221;off&#8221; allow_player_pause=&#8221;off&#8221; parallax=&#8221;off&#8221; parallax_method=&#8221;off&#8221; make_equal=&#8221;off&#8221; parallax_1=&#8221;off&#8221; parallax_method_1=&#8221;off&#8221; column_padding_mobile=&#8221;on&#8221;][et_pb_column type=&#8221;4_4&#8243;][et_pb_image admin_label=&#8221;Image&#8221; src=&#8221;http:\/\/peroneo.pt\/cms\/wp-content\/uploads\/2016\/06\/haccp.jpg&#8221; show_in_lightbox=&#8221;off&#8221; url_new_window=&#8221;off&#8221; use_overlay=&#8221;off&#8221; animation=&#8221;left&#8221; sticky=&#8221;off&#8221; align=&#8221;left&#8221; force_fullwidth=&#8221;on&#8221; always_center_on_mobile=&#8221;on&#8221; use_border_color=&#8221;off&#8221; border_color=&#8221;#ffffff&#8221; border_style=&#8221;solid&#8221; custom_margin=&#8221;0px||0px|&#8221;] [\/et_pb_image][\/et_pb_column][\/et_pb_row][\/et_pb_section][et_pb_section admin_label=&#8221;section&#8221; transparent_background=&#8221;off&#8221; background_color=&#8221;#ffffff&#8221; allow_player_pause=&#8221;off&#8221; inner_shadow=&#8221;off&#8221; parallax=&#8221;off&#8221; parallax_method=&#8221;off&#8221; custom_padding=&#8221;20px||0px|&#8221; padding_mobile=&#8221;off&#8221; make_fullwidth=&#8221;off&#8221; use_custom_width=&#8221;off&#8221; [&hellip;]<\/p>\n","protected":false},"author":1,"featured_media":0,"parent":0,"menu_order":0,"comment_status":"closed","ping_status":"closed","template":"","meta":[],"_links":{"self":[{"href":"http:\/\/peroneo.pt\/cms\/wp-json\/wp\/v2\/pages\/271"}],"collection":[{"href":"http:\/\/peroneo.pt\/cms\/wp-json\/wp\/v2\/pages"}],"about":[{"href":"http:\/\/peroneo.pt\/cms\/wp-json\/wp\/v2\/types\/page"}],"author":[{"embeddable":true,"href":"http:\/\/peroneo.pt\/cms\/wp-json\/wp\/v2\/users\/1"}],"replies":[{"embeddable":true,"href":"http:\/\/peroneo.pt\/cms\/wp-json\/wp\/v2\/comments?post=271"}],"version-history":[{"count":6,"href":"http:\/\/peroneo.pt\/cms\/wp-json\/wp\/v2\/pages\/271\/revisions"}],"predecessor-version":[{"id":797,"href":"http:\/\/peroneo.pt\/cms\/wp-json\/wp\/v2\/pages\/271\/revisions\/797"}],"wp:attachment":[{"href":"http:\/\/peroneo.pt\/cms\/wp-json\/wp\/v2\/media?parent=271"}],"curies":[{"name":"wp","href":"https:\/\/api.w.org\/{rel}","templated":true}]}}