{"id":201,"date":"2016-06-15T11:02:05","date_gmt":"2016-06-15T11:02:05","guid":{"rendered":"http:\/\/peroneo.pt\/cms\/?page_id=201"},"modified":"2021-01-28T15:43:19","modified_gmt":"2021-01-28T15:43:19","slug":"enfermagem","status":"publish","type":"page","link":"http:\/\/peroneo.pt\/cms\/enfermagem\/","title":{"rendered":"Enfermagem"},"content":{"rendered":"<p>[et_pb_section fb_built=&#8221;1&#8243; custom_padding_last_edited=&#8221;on|desktop&#8221; admin_label=&#8221;section&#8221; _builder_version=&#8221;3.0.74&#8243; background_color=&#8221;#ffffff&#8221; custom_padding=&#8221;0px||0px|&#8221; custom_padding_tablet=&#8221;50px|0|50px|0&#8243; transparent_background=&#8221;off&#8221; padding_mobile=&#8221;off&#8221;][et_pb_row make_fullwidth=&#8221;on&#8221; padding_mobile=&#8221;off&#8221; column_padding_mobile=&#8221;on&#8221; parallax_method_1=&#8221;off&#8221; admin_label=&#8221;row&#8221; _builder_version=&#8221;3.0.48&#8243; background_size=&#8221;initial&#8221; background_position=&#8221;top_left&#8221; background_repeat=&#8221;repeat&#8221;][et_pb_column type=&#8221;4_4&#8243; _builder_version=&#8221;3.0.47&#8243; column_padding_mobile=&#8221;on&#8221; parallax=&#8221;off&#8221; parallax_method=&#8221;off&#8221;][et_pb_image src=&#8221;http:\/\/peroneo.pt\/cms\/wp-content\/uploads\/2016\/06\/enfermagem1.jpg&#8221; force_fullwidth=&#8221;on&#8221; admin_label=&#8221;Image&#8221; _builder_version=&#8221;3.0.87&#8243; custom_margin=&#8221;0px||0px|&#8221; animation_style=&#8221;slide&#8221; animation_direction=&#8221;left&#8221; animation_duration=&#8221;500ms&#8221; animation_intensity_slide=&#8221;10%&#8221; use_border_color=&#8221;off&#8221; border_color=&#8221;#ffffff&#8221; border_style=&#8221;solid&#8221; animation=&#8221;left&#8221; sticky=&#8221;off&#8221;] [\/et_pb_image][\/et_pb_column][\/et_pb_row][\/et_pb_section][et_pb_section fb_built=&#8221;1&#8243; custom_padding_last_edited=&#8221;on|desktop&#8221; admin_label=&#8221;section&#8221; _builder_version=&#8221;3.0.74&#8243; background_color=&#8221;#ffffff&#8221; custom_padding=&#8221;20px||0px|&#8221; custom_padding_tablet=&#8221;50px|0|50px|0&#8243; transparent_background=&#8221;off&#8221; padding_mobile=&#8221;off&#8221;][et_pb_row admin_label=&#8221;row&#8221; _builder_version=&#8221;3.0.48&#8243; background_size=&#8221;initial&#8221; background_position=&#8221;top_left&#8221; background_repeat=&#8221;repeat&#8221;][et_pb_column type=&#8221;4_4&#8243; _builder_version=&#8221;3.0.47&#8243; parallax=&#8221;off&#8221; parallax_method=&#8221;on&#8221;][et_pb_text admin_label=&#8221;Text&#8221; _builder_version=&#8221;3.0.87&#8243; text_font=&#8221;|on|||&#8221; text_font_size=&#8221;22&#8243; text_letter_spacing=&#8221;1px&#8221; background_size=&#8221;initial&#8221; background_position=&#8221;top_left&#8221; background_repeat=&#8221;repeat&#8221; border_width_all=&#8221;0px&#8221; border_color_all=&#8221;#0c9dc9&#8243; border_style_all=&#8221;dashed&#8221; use_border_color=&#8221;on&#8221; border_color=&#8221;#0c9dc9&#8243; border_style=&#8221;dashed&#8221;]ENFERMAGEM<br \/>\n[\/et_pb_text][\/et_pb_column][\/et_pb_row][\/et_pb_section][et_pb_section fb_built=&#8221;1&#8243; custom_padding_last_edited=&#8221;on|desktop&#8221; admin_label=&#8221;section&#8221; _builder_version=&#8221;3.0.74&#8243; background_color=&#8221;#ffffff&#8221; custom_padding=&#8221;30px|||&#8221; custom_padding_tablet=&#8221;50px|0|50px|0&#8243; transparent_background=&#8221;off&#8221; padding_mobile=&#8221;off&#8221;][et_pb_row admin_label=&#8221;row&#8221; _builder_version=&#8221;3.0.48&#8243; background_size=&#8221;initial&#8221; background_position=&#8221;top_left&#8221; background_repeat=&#8221;repeat&#8221;][et_pb_column type=&#8221;2_3&#8243; _builder_version=&#8221;3.0.47&#8243; parallax=&#8221;off&#8221; parallax_method=&#8221;on&#8221;][et_pb_text admin_label=&#8221;Text&#8221; _builder_version=&#8221;3.0.87&#8243; background_size=&#8221;initial&#8221; background_position=&#8221;top_left&#8221; background_repeat=&#8221;repeat&#8221; custom_css_main_element=&#8221;margin-left: -20px !important;&#8221; use_border_color=&#8221;off&#8221; border_color=&#8221;#ffffff&#8221; border_style=&#8221;solid&#8221;]<\/p>\n<p style=\"text-align: justify;\">O termo enfermagem permite fazer refer\u00eancia a diversos conceitos relacionados com a sa\u00fade e os sistemas sanit\u00e1rios. Os servi\u00e7os de enfermagem s\u00e3o prestados numa depend\u00eancia ou num local para doentes ou feridos, que \u00e9 a enfermaria. Por exemplo: \u201cVamos ter de te levar \u00e0 enfermaria para que te tratem dessa ferida\u201d, \u201cO meu filho passou pela enfermaria depois do jogo porque lhe do\u00eda o joelho esquerdo\u201d.<\/p>\n<p style=\"text-align: justify;\">Enfermagem tamb\u00e9m \u00e9 a profiss\u00e3o da pessoa que se encarrega de prestar cuidados e assist\u00eancia aos feridos e aos doentes mediante crit\u00e9rios cl\u00ednicos: \u201cVou seguir a carreira de enfermagem\u201d, \u201cPreciso de contratar uma pessoa especializada em enfermagem para me ajudar a cuidar da minha av\u00f3 que sofre de Alzheimer\u201d.<\/p>\n<p style=\"text-align: justify;\">Ainda na mesma acep\u00e7\u00e3o, chama-se enfermagem ao conjunto dos estudos requeridos para obter o diploma e exercer a profiss\u00e3o: \u201cA Constan\u00e7a concluiu os seus estudos de enfermagem e vai ingressar no hospital a partir do pr\u00f3ximo ver\u00e3o\u201d.<br \/>\nPode-se dizer, em termos gerais, que a enfermagem \u00e9 a ci\u00eancia que se dedica ao cuidado da sa\u00fade do ser humano. Posto isto, faz parte do grupo das ci\u00eancias da sa\u00fade.<br \/>\nExistem, de acordo com cada pa\u00eds, diversas especializa\u00e7\u00f5es associadas \u00e0 enfermagem. O enfermeiro supervisor, por exemplo, \u00e9 aquele que \u00e9 capacitado para supervisionar o trabalho e o ambiente dos profissionais de uma unidade a seu cargo. Os auxiliares de enfermagem, por sua vez, tratam de prestar cuidados mais b\u00e1sicos, relacionados com a alimenta\u00e7\u00e3o e a higiene.<\/p>\n<p>[\/et_pb_text][\/et_pb_column][et_pb_column type=&#8221;1_3&#8243; _builder_version=&#8221;3.0.47&#8243; parallax=&#8221;off&#8221; parallax_method=&#8221;on&#8221;][et_pb_text admin_label=&#8221;Text&#8221; _builder_version=&#8221;3.0.87&#8243; text_font_size=&#8221;13&#8243; text_line_height=&#8221;1.3em&#8221; background_color=&#8221;rgba(0,0,0,0.05)&#8221; background_size=&#8221;initial&#8221; background_position=&#8221;top_left&#8221; background_repeat=&#8221;repeat&#8221; custom_margin=&#8221;|||15px&#8221; custom_padding=&#8221;10px||10px|&#8221; custom_css_main_element=&#8221;margin-top: 15px !important;&#8221; use_border_color=&#8221;off&#8221; border_color=&#8221;#ffffff&#8221; border_style=&#8221;solid&#8221;]<\/p>\n<p style=\"text-align: justify;\">ENFERMEIROS:<\/p>\n<p style=\"text-align: justify;\"><strong>Enf. Telma Liberado<\/strong><br \/>\nAmieiro<\/p>\n<p style=\"text-align: justify;\"><strong>Enf. Jos\u00e9 Agostinho<\/strong><br \/>\nAmieiro<\/p>\n<p style=\"text-align: justify;\"><strong>Enf. Fernando Ferraz<\/strong><br \/>\nAmieiro<\/p>\n<p style=\"text-align: justify;\"><strong>Enf. F\u00e1bio Jesus<\/strong><br \/>\nAmieiro<\/p>\n<p style=\"text-align: justify;\"><strong>Enf. Cristina Quinteiro<\/strong><br \/>\nAmieiro<\/p>\n<p style=\"text-align: justify;\"><strong>Enf. Anabela Curto<\/strong><br \/>\nTocha<\/p>\n<p style=\"text-align: justify;\"><strong>Enf. Sara Torres<\/strong><br \/>\nTocha<\/p>\n<p style=\"text-align: justify;\"><b>Enf. S\u00edlvia\u00a0Rodrigues<\/b><br \/>\nTocha<\/p>\n<p style=\"text-align: justify;\"><strong>Enf. Filipa Fernandes\u00a0<\/strong><br \/>\nTocha<\/p>\n<p style=\"text-align: justify;\"><strong>Enf. Joel Almeida\u00a0<\/strong><br \/>\nTocha<\/p>\n<p><strong>Enf. Diana Caldeira<\/strong><br \/>\nGranja do Ulmeiro<\/p>\n<p><strong style=\"font-size: 13.5px; text-align: justify; letter-spacing: 0px;\"><strong>Enf. Nuno Fernandes<\/strong><br \/>\n<\/strong>Granja do Ulmeiro<\/p>\n<p style=\"text-align: justify;\"><strong>Enf. Ana Catarina Vento<br \/>\n<\/strong>Granja do Ulmeiro<\/p>\n<p style=\"text-align: justify;\"><strong>Enf. T\u00e2nia Pinheiro<\/strong><br \/>\nGranja do Ulmeiro<\/p>\n<p style=\"text-align: justify;\"><strong>Enf. Gra\u00e7a Sim\u00f5es\u00a0<\/strong><br \/>\nGranja do Ulmeiro<\/p>\n<p style=\"text-align: justify;\"><strong>Enf. Diana Portovedo<\/strong><br \/>\nVilarinho do Bairro<\/p>\n<p style=\"text-align: justify;\"><strong>Enf. T\u00e2nia Dias\u00a0<\/strong><br \/>\nVilarinho do Bairro<\/p>\n<p style=\"text-align: justify;\"><strong>Enf. Daniela Santiago\u00a0<\/strong><br \/>\nVilarinho do Bairro<\/p>\n<p>[\/et_pb_text][\/et_pb_column][\/et_pb_row][\/et_pb_section][et_pb_section fb_built=&#8221;1&#8243; disabled_on=&#8221;on|on|on&#8221; admin_label=&#8221;section&#8221; _builder_version=&#8221;3.0.47&#8243; disabled=&#8221;on&#8221;][et_pb_row admin_label=&#8221;row&#8221; _builder_version=&#8221;3.0.48&#8243; background_size=&#8221;initial&#8221; background_position=&#8221;top_left&#8221; background_repeat=&#8221;repeat&#8221;][et_pb_column type=&#8221;1_2&#8243; _builder_version=&#8221;3.0.47&#8243; parallax=&#8221;off&#8221; parallax_method=&#8221;on&#8221;][\/et_pb_column][et_pb_column type=&#8221;1_2&#8243; _builder_version=&#8221;3.0.47&#8243; parallax=&#8221;off&#8221; parallax_method=&#8221;on&#8221;][\/et_pb_column][\/et_pb_row][\/et_pb_section]<\/p>\n","protected":false},"excerpt":{"rendered":"<p>[et_pb_section fb_built=&#8221;1&#8243; custom_padding_last_edited=&#8221;on|desktop&#8221; admin_label=&#8221;section&#8221; _builder_version=&#8221;3.0.74&#8243; background_color=&#8221;#ffffff&#8221; custom_padding=&#8221;0px||0px|&#8221; custom_padding_tablet=&#8221;50px|0|50px|0&#8243; transparent_background=&#8221;off&#8221; padding_mobile=&#8221;off&#8221;][et_pb_row make_fullwidth=&#8221;on&#8221; padding_mobile=&#8221;off&#8221; column_padding_mobile=&#8221;on&#8221; parallax_method_1=&#8221;off&#8221; admin_label=&#8221;row&#8221; _builder_version=&#8221;3.0.48&#8243; background_size=&#8221;initial&#8221; background_position=&#8221;top_left&#8221; background_repeat=&#8221;repeat&#8221;][et_pb_column type=&#8221;4_4&#8243; _builder_version=&#8221;3.0.47&#8243; column_padding_mobile=&#8221;on&#8221; parallax=&#8221;off&#8221; parallax_method=&#8221;off&#8221;][et_pb_image src=&#8221;http:\/\/peroneo.pt\/cms\/wp-content\/uploads\/2016\/06\/enfermagem1.jpg&#8221; force_fullwidth=&#8221;on&#8221; admin_label=&#8221;Image&#8221; _builder_version=&#8221;3.0.87&#8243; custom_margin=&#8221;0px||0px|&#8221; animation_style=&#8221;slide&#8221; animation_direction=&#8221;left&#8221; animation_duration=&#8221;500ms&#8221; animation_intensity_slide=&#8221;10%&#8221; use_border_color=&#8221;off&#8221; border_color=&#8221;#ffffff&#8221; border_style=&#8221;solid&#8221; animation=&#8221;left&#8221; sticky=&#8221;off&#8221;] [\/et_pb_image][\/et_pb_column][\/et_pb_row][\/et_pb_section][et_pb_section fb_built=&#8221;1&#8243; custom_padding_last_edited=&#8221;on|desktop&#8221; admin_label=&#8221;section&#8221; _builder_version=&#8221;3.0.74&#8243; background_color=&#8221;#ffffff&#8221; custom_padding=&#8221;20px||0px|&#8221; custom_padding_tablet=&#8221;50px|0|50px|0&#8243; transparent_background=&#8221;off&#8221; padding_mobile=&#8221;off&#8221;][et_pb_row admin_label=&#8221;row&#8221; _builder_version=&#8221;3.0.48&#8243; background_size=&#8221;initial&#8221; background_position=&#8221;top_left&#8221; background_repeat=&#8221;repeat&#8221;][et_pb_column type=&#8221;4_4&#8243; _builder_version=&#8221;3.0.47&#8243; [&hellip;]<\/p>\n","protected":false},"author":1,"featured_media":0,"parent":0,"menu_order":0,"comment_status":"closed","ping_status":"closed","template":"","meta":[],"_links":{"self":[{"href":"http:\/\/peroneo.pt\/cms\/wp-json\/wp\/v2\/pages\/201"}],"collection":[{"href":"http:\/\/peroneo.pt\/cms\/wp-json\/wp\/v2\/pages"}],"about":[{"href":"http:\/\/peroneo.pt\/cms\/wp-json\/wp\/v2\/types\/page"}],"author":[{"embeddable":true,"href":"http:\/\/peroneo.pt\/cms\/wp-json\/wp\/v2\/users\/1"}],"replies":[{"embeddable":true,"href":"http:\/\/peroneo.pt\/cms\/wp-json\/wp\/v2\/comments?post=201"}],"version-history":[{"count":10,"href":"http:\/\/peroneo.pt\/cms\/wp-json\/wp\/v2\/pages\/201\/revisions"}],"predecessor-version":[{"id":1606,"href":"http:\/\/peroneo.pt\/cms\/wp-json\/wp\/v2\/pages\/201\/revisions\/1606"}],"wp:attachment":[{"href":"http:\/\/peroneo.pt\/cms\/wp-json\/wp\/v2\/media?parent=201"}],"curies":[{"name":"wp","href":"https:\/\/api.w.org\/{rel}","templated":true}]}}